{"id":9566,"date":"2024-05-27T13:55:16","date_gmt":"2024-05-27T11:55:16","guid":{"rendered":"https:\/\/elesys.hr\/references\/"},"modified":"2024-07-20T23:42:23","modified_gmt":"2024-07-20T21:42:23","slug":"references","status":"publish","type":"page","link":"https:\/\/elesys.hr\/en\/references\/","title":{"rendered":"References"},"content":{"rendered":"<section class=\"l-section wpb_row height_small\"><div class=\"l-section-h i-cf\"><div class=\"g-cols vc_row via_grid cols_1 laptops-cols_inherit tablets-cols_inherit mobiles-cols_1 valign_top type_default stacking_default\"><div class=\"wpb_column vc_column_container\"><div class=\"vc_column-inner\"><div class=\"w-grid us_grid type_grid layout_7657 cols_3 preload_style_spinner ratio_4x3\" id=\"us_grid_1\" style=\"--columns:3;--gap:1rem;--item-ratio:0.75;\" data-filterable=\"true\"><style>@media (max-width:1024px){#us_grid_1{--columns:2!important}}@media (max-width:600px){#us_grid_1{--columns:1!important}}.layout_7657 .w-grid-item-h{background:var(--color-content-link);color:#ffffff;border-radius:0.3;box-shadow:0 0.03rem 0.06rem rgba(0,0,0,0.1),0 0.1rem 0.3rem rgba(0,0,0,0.1);transition-duration:0.3s}.no-touch .layout_7657 .w-grid-item-h:hover{box-shadow:0 0.1rem 0.2rem rgba(0,0,0,0.1),0 0.33rem 1rem rgba(0,0,0,0.15);z-index:4}.layout_7657 .usg_post_image_1{transition-duration:0.3s;transform-origin:50% 50%;transform:scale(1) translate(0%,0%)}.layout_7657 .w-grid-item-h:focus-within .usg_post_image_1,.layout_7657 .w-grid-item-h:hover .usg_post_image_1{transform:scale(1.05) translate(0%,0%);opacity:1}@media(min-width:2px){.layout_7657 .usg_post_date_1{display:none!important}}.layout_7657 .usg_post_image_1{position:absolute!important;left:0!important;top:0!important;bottom:0!important;right:0!important}.layout_7657 .usg_post_title_1{margin-bottom:0.2rem!important;font-family:var(--h1-font-family)!important;font-size:1.4rem!important;font-weight:700!important;color:#ffffff!important}.layout_7657 .usg_vwrapper_1{position:absolute!important;right:0!important;bottom:0!important;left:0!important;background:linear-gradient(180deg,rgba(0,0,0,0),rgba(30,30,30,0.9))!important;padding:4rem 1.5rem 1.2rem 1.5rem!important}.layout_7657 .usg_post_taxonomy_1{font-weight:700!important;text-transform:uppercase!important;font-size:10px!important;margin-bottom:0.5rem!important}.layout_7657 .usg_post_date_1{color:rgba(255,255,255,0.66)!important;font-size:13px!important}.layout_7657 .usg_post_author_1{font-family:var(--font-family)!important;font-size:0.9rem!important}.layout_7657 .usg_post_comments_1{font-family:var(--font-family)!important;font-size:0.9rem!important}.layout_7657 .usg_post_views_1{color:rgba(255,255,255,0.66)!important;font-size:13px!important}@media (max-width:600px){.layout_7657 .usg_post_title_1{font-size:1.2rem!important}}<\/style><div class=\"w-grid-list\">\t<article class=\"w-grid-item size_1x1 post-9595 page type-page status-publish hentry\" data-id=\"9595\">\r\n\t\t<div class=\"w-grid-item-h\">\r\n\t\t\t\t\t\t\t<a href=\"https:\/\/elesys.hr\/en\/\" class=\"w-grid-item-anchor\" aria-label=\"Home\"><\/a>\r\n\t\t\t\t\t\t<div class=\"w-vwrapper usg_vwrapper_1 align_left valign_top\"><h2 class=\"w-post-elm post_title usg_post_title_1 has_text_color entry-title color_link_inherit\">Home<\/h2><div class=\"w-hwrapper usg_hwrapper_1 align_left valign_top wrap\"><time class=\"w-post-elm post_date usg_post_date_1 has_text_color entry-date published\" datetime=\"2024-05-27T06:59:42+02:00\" title=\"27 May 2024 at 06:59:42 Europe\/Zagreb\">2 years ago<\/time><\/div><\/div><div class=\"w-vwrapper usg_vwrapper_2 align_none valign_top\"><div class=\"w-post-elm post_content usg_post_content_1\">We are here for you at any timeOur services Installation and maintenance of electrical system About usThe company is located in Vara\u017edin. Founders of the company are engineers and technicians&hellip;<\/div><\/div>\t\t<\/div>\r\n\t\t\t<\/article>\r\n\t<article class=\"w-grid-item size_1x1 post-9541 page type-page status-publish hentry\" data-id=\"9541\">\r\n\t\t<div class=\"w-grid-item-h\">\r\n\t\t\t\t\t\t\t<a href=\"https:\/\/elesys.hr\/en\/about-us\/\" class=\"w-grid-item-anchor\" aria-label=\"About us\"><\/a>\r\n\t\t\t\t\t\t<div class=\"w-vwrapper usg_vwrapper_1 align_left valign_top\"><h2 class=\"w-post-elm post_title usg_post_title_1 has_text_color entry-title color_link_inherit\">About us<\/h2><div class=\"w-hwrapper usg_hwrapper_1 align_left valign_top wrap\"><time class=\"w-post-elm post_date usg_post_date_1 has_text_color entry-date published\" datetime=\"2024-05-27T07:14:07+02:00\" title=\"27 May 2024 at 07:14:07 Europe\/Zagreb\">2 years ago<\/time><\/div><\/div><div class=\"w-vwrapper usg_vwrapper_2 align_none valign_top\"><div class=\"w-post-elm post_content usg_post_content_1\">The company is located in Vara\u017edin. Founders of the company are engineers and technicians with years long experience in the electrical industry, mostly abroad. Through our activities we have executed&hellip;<\/div><\/div>\t\t<\/div>\r\n\t\t\t<\/article>\r\n\t<article class=\"w-grid-item size_1x1 post-9575 page type-page status-publish hentry\" data-id=\"9575\">\r\n\t\t<div class=\"w-grid-item-h\">\r\n\t\t\t\t\t\t\t<a href=\"https:\/\/elesys.hr\/en\/services\/\" class=\"w-grid-item-anchor\" aria-label=\"Services\"><\/a>\r\n\t\t\t\t\t\t<div class=\"w-vwrapper usg_vwrapper_1 align_left valign_top\"><h2 class=\"w-post-elm post_title usg_post_title_1 has_text_color entry-title color_link_inherit\">Services<\/h2><div class=\"w-hwrapper usg_hwrapper_1 align_left valign_top wrap\"><time class=\"w-post-elm post_date usg_post_date_1 has_text_color entry-date published\" datetime=\"2024-05-27T08:13:14+02:00\" title=\"27 May 2024 at 08:13:14 Europe\/Zagreb\">2 years ago<\/time><\/div><\/div><div class=\"w-vwrapper usg_vwrapper_2 align_none valign_top\"><\/div>\t\t<\/div>\r\n\t\t\t<\/article>\r\n\t<article class=\"w-grid-item size_1x1 post-9566 page type-page status-publish hentry\" data-id=\"9566\">\r\n\t\t<div class=\"w-grid-item-h\">\r\n\t\t\t\t\t\t\t<a href=\"https:\/\/elesys.hr\/en\/references\/\" class=\"w-grid-item-anchor\" aria-label=\"References\"><\/a>\r\n\t\t\t\t\t\t<div class=\"w-vwrapper usg_vwrapper_1 align_left valign_top\"><h2 class=\"w-post-elm post_title usg_post_title_1 has_text_color entry-title color_link_inherit\">References<\/h2><div class=\"w-hwrapper usg_hwrapper_1 align_left valign_top wrap\"><time class=\"w-post-elm post_date usg_post_date_1 has_text_color entry-date published\" datetime=\"2024-05-27T13:55:16+02:00\" title=\"27 May 2024 at 13:55:16 Europe\/Zagreb\">2 years ago<\/time><\/div><\/div><div class=\"w-vwrapper usg_vwrapper_2 align_none valign_top\"><\/div>\t\t<\/div>\r\n\t\t\t<\/article>\r\n\t<article class=\"w-grid-item size_1x1 post-9568 page type-page status-publish hentry\" data-id=\"9568\">\r\n\t\t<div class=\"w-grid-item-h\">\r\n\t\t\t\t\t\t\t<a href=\"https:\/\/elesys.hr\/en\/contact\/\" class=\"w-grid-item-anchor\" aria-label=\"Contact\"><\/a>\r\n\t\t\t\t\t\t<div class=\"w-vwrapper usg_vwrapper_1 align_left valign_top\"><h2 class=\"w-post-elm post_title usg_post_title_1 has_text_color entry-title color_link_inherit\">Contact<\/h2><div class=\"w-hwrapper usg_hwrapper_1 align_left valign_top wrap\"><time class=\"w-post-elm post_date usg_post_date_1 has_text_color entry-date published\" datetime=\"2024-05-27T13:56:08+02:00\" title=\"27 May 2024 at 13:56:08 Europe\/Zagreb\">2 years ago<\/time><\/div><\/div><div class=\"w-vwrapper usg_vwrapper_2 align_none valign_top\"><div class=\"w-post-elm post_content usg_post_content_1\">Contact us: Head officeMarina Dr\u017ei\u0107a 3042000 Vara\u017edin Business office &#8211; Croatia GermanyBra\u0107e Radi\u0107 52D, Jalkovec42000 Vara\u017edin Business office &#8211; DalmatiaBrdina 921226 Vini\u0161\u0107e +385 42 63 15 09info@elesys.hrmr.sc. Mario Hajdin, ing.Director&hellip;<\/div><\/div>\t\t<\/div>\r\n\t\t\t<\/article>\r\n\t<article class=\"w-grid-item size_1x1 post-9571 page type-page status-publish hentry\" data-id=\"9571\">\r\n\t\t<div class=\"w-grid-item-h\">\r\n\t\t\t\t\t\t\t<a href=\"https:\/\/elesys.hr\/en\/privacy-policy\/\" class=\"w-grid-item-anchor\" aria-label=\"Privacy policy\"><\/a>\r\n\t\t\t\t\t\t<div class=\"w-vwrapper usg_vwrapper_1 align_left valign_top\"><h2 class=\"w-post-elm post_title usg_post_title_1 has_text_color entry-title color_link_inherit\">Privacy policy<\/h2><div class=\"w-hwrapper usg_hwrapper_1 align_left valign_top wrap\"><time class=\"w-post-elm post_date usg_post_date_1 has_text_color entry-date published\" datetime=\"2024-06-11T10:09:34+02:00\" title=\"11 June 2024 at 10:09:34 Europe\/Zagreb\">2 years ago<\/time><\/div><\/div><div class=\"w-vwrapper usg_vwrapper_2 align_none valign_top\"><div class=\"w-post-elm post_content usg_post_content_1\">Who are we Our website address is: https:\/\/elesys.hr\/. Cookies Cookies are text files that are placed on the user\u2019s computer by the Internet server used by the user. The files&hellip;<\/div><\/div>\t\t<\/div>\r\n\t\t\t<\/article>\r\n<\/div>\t<div class=\"w-grid-preloader\">\r\n\t\t<div class=\"g-preloader type_1\">\r\n\t\t\t<div><\/div>\r\n\t\t<\/div>\r\n\t<\/div>\r\n\t\t<div class=\"w-grid-json hidden\" onclick='return {&quot;action&quot;:&quot;us_ajax_grid&quot;,&quot;infinite_scroll&quot;:0,&quot;max_num_pages&quot;:1,&quot;pagination&quot;:&quot;none&quot;,&quot;template_vars&quot;:{&quot;columns&quot;:&quot;3&quot;,&quot;exclude_items&quot;:&quot;none&quot;,&quot;img_size&quot;:&quot;default&quot;,&quot;ignore_items_size&quot;:0,&quot;items_layout&quot;:&quot;7657&quot;,&quot;items_offset&quot;:&quot;1&quot;,&quot;load_animation&quot;:&quot;none&quot;,&quot;overriding_link&quot;:&quot;%7B%22type%22%3A%22post%22%7D&quot;,&quot;post_id&quot;:0,&quot;query_args&quot;:{&quot;post_parent&quot;:0,&quot;post_type&quot;:&quot;any&quot;,&quot;ignore_sticky_posts&quot;:1,&quot;posts_per_page&quot;:&quot;10&quot;},&quot;orderby_query_args&quot;:{&quot;orderby&quot;:{&quot;menu_order&quot;:&quot;ASC&quot;},&quot;order&quot;:&quot;ASC&quot;},&quot;type&quot;:&quot;grid&quot;,&quot;us_grid_post_type&quot;:&quot;current_child_pages&quot;,&quot;us_grid_ajax_index&quot;:1,&quot;us_grid_filter_query_string&quot;:null,&quot;us_grid_index&quot;:1,&quot;page_args&quot;:[],&quot;lang&quot;:&quot;en&quot;}}'><\/div>\r\n\t<\/div><\/div><\/div><\/div><\/div><\/section>\n","protected":false},"excerpt":{"rendered":"","protected":false},"author":2,"featured_media":0,"parent":0,"menu_order":4,"comment_status":"closed","ping_status":"closed","template":"","meta":{"_acf_changed":false,"footnotes":""},"class_list":["post-9566","page","type-page","status-publish","hentry"],"acf":[],"yoast_head":"<!-- This site is optimized with the Yoast SEO plugin v27.5 - https:\/\/yoast.com\/product\/yoast-seo-wordpress\/ -->\n<title>References - Electro Systems<\/title>\n<meta name=\"robots\" content=\"index, follow, max-snippet:-1, max-image-preview:large, max-video-preview:-1\" \/>\n<link rel=\"canonical\" href=\"https:\/\/elesys.hr\/en\/references\/\" \/>\n<meta property=\"og:locale\" content=\"en_US\" \/>\n<meta property=\"og:type\" content=\"article\" \/>\n<meta property=\"og:title\" content=\"References - Electro Systems\" \/>\n<meta property=\"og:url\" content=\"https:\/\/elesys.hr\/en\/references\/\" \/>\n<meta property=\"og:site_name\" content=\"Electro Systems\" \/>\n<meta property=\"article:publisher\" content=\"https:\/\/www.facebook.com\/profile.php?id=61556263986727\" \/>\n<meta property=\"article:modified_time\" content=\"2024-07-20T21:42:23+00:00\" \/>\n<meta property=\"og:image\" content=\"https:\/\/elesys.hr\/wp-content\/uploads\/2024\/05\/elektroinstalacije-jake-struje.jpg\" \/>\n\t<meta property=\"og:image:width\" content=\"860\" \/>\n\t<meta property=\"og:image:height\" content=\"450\" \/>\n\t<meta property=\"og:image:type\" content=\"image\/jpeg\" \/>\n<meta name=\"twitter:card\" content=\"summary_large_image\" \/>\n<script type=\"application\/ld+json\" class=\"yoast-schema-graph\">{\"@context\":\"https:\\\/\\\/schema.org\",\"@graph\":[{\"@type\":\"WebPage\",\"@id\":\"https:\\\/\\\/elesys.hr\\\/en\\\/references\\\/\",\"url\":\"https:\\\/\\\/elesys.hr\\\/en\\\/references\\\/\",\"name\":\"References - Electro Systems\",\"isPartOf\":{\"@id\":\"https:\\\/\\\/elesys.hr\\\/en\\\/#website\"},\"datePublished\":\"2024-05-27T11:55:16+00:00\",\"dateModified\":\"2024-07-20T21:42:23+00:00\",\"breadcrumb\":{\"@id\":\"https:\\\/\\\/elesys.hr\\\/en\\\/references\\\/#breadcrumb\"},\"inLanguage\":\"en-US\",\"potentialAction\":[{\"@type\":\"ReadAction\",\"target\":[\"https:\\\/\\\/elesys.hr\\\/en\\\/references\\\/\"]}]},{\"@type\":\"BreadcrumbList\",\"@id\":\"https:\\\/\\\/elesys.hr\\\/en\\\/references\\\/#breadcrumb\",\"itemListElement\":[{\"@type\":\"ListItem\",\"position\":1,\"name\":\"Home\",\"item\":\"https:\\\/\\\/elesys.hr\\\/en\\\/home\\\/\"},{\"@type\":\"ListItem\",\"position\":2,\"name\":\"References\"}]},{\"@type\":\"WebSite\",\"@id\":\"https:\\\/\\\/elesys.hr\\\/en\\\/#website\",\"url\":\"https:\\\/\\\/elesys.hr\\\/en\\\/\",\"name\":\"Electro Systems\",\"description\":\"\",\"publisher\":{\"@id\":\"https:\\\/\\\/elesys.hr\\\/en\\\/#organization\"},\"potentialAction\":[{\"@type\":\"SearchAction\",\"target\":{\"@type\":\"EntryPoint\",\"urlTemplate\":\"https:\\\/\\\/elesys.hr\\\/en\\\/?s={search_term_string}\"},\"query-input\":{\"@type\":\"PropertyValueSpecification\",\"valueRequired\":true,\"valueName\":\"search_term_string\"}}],\"inLanguage\":\"en-US\"},{\"@type\":\"Organization\",\"@id\":\"https:\\\/\\\/elesys.hr\\\/en\\\/#organization\",\"name\":\"Electro Systems\",\"url\":\"https:\\\/\\\/elesys.hr\\\/en\\\/\",\"logo\":{\"@type\":\"ImageObject\",\"inLanguage\":\"en-US\",\"@id\":\"https:\\\/\\\/elesys.hr\\\/en\\\/#\\\/schema\\\/logo\\\/image\\\/\",\"url\":\"https:\\\/\\\/elesys.hr\\\/wp-content\\\/uploads\\\/2017\\\/07\\\/elesys-logo.png\",\"contentUrl\":\"https:\\\/\\\/elesys.hr\\\/wp-content\\\/uploads\\\/2017\\\/07\\\/elesys-logo.png\",\"width\":407,\"height\":70,\"caption\":\"Electro Systems\"},\"image\":{\"@id\":\"https:\\\/\\\/elesys.hr\\\/en\\\/#\\\/schema\\\/logo\\\/image\\\/\"},\"sameAs\":[\"https:\\\/\\\/www.facebook.com\\\/profile.php?id=61556263986727\"]}]}<\/script>\n<!-- \/ Yoast SEO plugin. -->","yoast_head_json":{"title":"References - Electro Systems","robots":{"index":"index","follow":"follow","max-snippet":"max-snippet:-1","max-image-preview":"max-image-preview:large","max-video-preview":"max-video-preview:-1"},"canonical":"https:\/\/elesys.hr\/en\/references\/","og_locale":"en_US","og_type":"article","og_title":"References - Electro Systems","og_url":"https:\/\/elesys.hr\/en\/references\/","og_site_name":"Electro Systems","article_publisher":"https:\/\/www.facebook.com\/profile.php?id=61556263986727","article_modified_time":"2024-07-20T21:42:23+00:00","og_image":[{"width":860,"height":450,"url":"https:\/\/elesys.hr\/wp-content\/uploads\/2024\/05\/elektroinstalacije-jake-struje.jpg","type":"image\/jpeg"}],"twitter_card":"summary_large_image","schema":{"@context":"https:\/\/schema.org","@graph":[{"@type":"WebPage","@id":"https:\/\/elesys.hr\/en\/references\/","url":"https:\/\/elesys.hr\/en\/references\/","name":"References - Electro Systems","isPartOf":{"@id":"https:\/\/elesys.hr\/en\/#website"},"datePublished":"2024-05-27T11:55:16+00:00","dateModified":"2024-07-20T21:42:23+00:00","breadcrumb":{"@id":"https:\/\/elesys.hr\/en\/references\/#breadcrumb"},"inLanguage":"en-US","potentialAction":[{"@type":"ReadAction","target":["https:\/\/elesys.hr\/en\/references\/"]}]},{"@type":"BreadcrumbList","@id":"https:\/\/elesys.hr\/en\/references\/#breadcrumb","itemListElement":[{"@type":"ListItem","position":1,"name":"Home","item":"https:\/\/elesys.hr\/en\/home\/"},{"@type":"ListItem","position":2,"name":"References"}]},{"@type":"WebSite","@id":"https:\/\/elesys.hr\/en\/#website","url":"https:\/\/elesys.hr\/en\/","name":"Electro Systems","description":"","publisher":{"@id":"https:\/\/elesys.hr\/en\/#organization"},"potentialAction":[{"@type":"SearchAction","target":{"@type":"EntryPoint","urlTemplate":"https:\/\/elesys.hr\/en\/?s={search_term_string}"},"query-input":{"@type":"PropertyValueSpecification","valueRequired":true,"valueName":"search_term_string"}}],"inLanguage":"en-US"},{"@type":"Organization","@id":"https:\/\/elesys.hr\/en\/#organization","name":"Electro Systems","url":"https:\/\/elesys.hr\/en\/","logo":{"@type":"ImageObject","inLanguage":"en-US","@id":"https:\/\/elesys.hr\/en\/#\/schema\/logo\/image\/","url":"https:\/\/elesys.hr\/wp-content\/uploads\/2017\/07\/elesys-logo.png","contentUrl":"https:\/\/elesys.hr\/wp-content\/uploads\/2017\/07\/elesys-logo.png","width":407,"height":70,"caption":"Electro Systems"},"image":{"@id":"https:\/\/elesys.hr\/en\/#\/schema\/logo\/image\/"},"sameAs":["https:\/\/www.facebook.com\/profile.php?id=61556263986727"]}]}},"_links":{"self":[{"href":"https:\/\/elesys.hr\/en\/wp-json\/wp\/v2\/pages\/9566","targetHints":{"allow":["GET"]}}],"collection":[{"href":"https:\/\/elesys.hr\/en\/wp-json\/wp\/v2\/pages"}],"about":[{"href":"https:\/\/elesys.hr\/en\/wp-json\/wp\/v2\/types\/page"}],"author":[{"embeddable":true,"href":"https:\/\/elesys.hr\/en\/wp-json\/wp\/v2\/users\/2"}],"replies":[{"embeddable":true,"href":"https:\/\/elesys.hr\/en\/wp-json\/wp\/v2\/comments?post=9566"}],"version-history":[{"count":2,"href":"https:\/\/elesys.hr\/en\/wp-json\/wp\/v2\/pages\/9566\/revisions"}],"predecessor-version":[{"id":9587,"href":"https:\/\/elesys.hr\/en\/wp-json\/wp\/v2\/pages\/9566\/revisions\/9587"}],"wp:attachment":[{"href":"https:\/\/elesys.hr\/en\/wp-json\/wp\/v2\/media?parent=9566"}],"curies":[{"name":"wp","href":"https:\/\/api.w.org\/{rel}","templated":true}]}}